{"id":14,"date":"2015-04-23T14:39:56","date_gmt":"2015-04-23T12:39:56","guid":{"rendered":"http:\/\/zapiecek24.pl\/?page_id=14"},"modified":"2021-03-08T10:38:39","modified_gmt":"2021-03-08T09:38:39","slug":"menu","status":"publish","type":"page","link":"https:\/\/przypiecek.pl\/?page_id=14","title":{"rendered":"Menu"},"content":{"rendered":"<h1>Pierogi<\/h1>\n\n<table id=\"tablepress-1\" class=\"tablepress tablepress-id-1\">\n<tbody class=\"row-hover\">\n<tr class=\"row-1 odd\">\n\t<td class=\"column-1\">Pierogi z mi\u0119sem<\/td><td class=\"column-2\">9 szt.<\/td><td class=\"column-3\">21,00 z\u0142<\/td>\n<\/tr>\n<tr class=\"row-2 even\">\n\t<td class=\"column-1\">Pierogi z mi\u0119sem i kapust\u0105<\/td><td class=\"column-2\">9 szt.<\/td><td class=\"column-3\">21,00 z\u0142<\/td>\n<\/tr>\n<tr class=\"row-3 odd\">\n\t<td class=\"column-1\">Pierogi z g\u0119sin\u0105 i dodatkiem kapusty w\u0142oskiej<\/td><td class=\"column-2\">9 szt.<\/td><td class=\"column-3\">25,00 z\u0142<\/td>\n<\/tr>\n<tr class=\"row-4 even\">\n\t<td class=\"column-1\">Pierogi z jagni\u0119cin\u0105<\/td><td class=\"column-2\">9 szt.<\/td><td class=\"column-3\">25,00 z\u0142<\/td>\n<\/tr>\n<tr class=\"row-5 odd\">\n\t<td class=\"column-1\">Pierogi \u0142ososiem i szpinakiem<\/td><td class=\"column-2\">9 szt.<\/td><td class=\"column-3\">25,00 z\u0142<\/td>\n<\/tr>\n<tr class=\"row-6 even\">\n\t<td class=\"column-1\">Pierogi ruskie<\/td><td class=\"column-2\">9 szt.<\/td><td class=\"column-3\">21,00 z\u0142<\/td>\n<\/tr>\n<tr class=\"row-7 odd\">\n\t<td class=\"column-1\">Pierogi z kapust\u0105 i grzybami<\/td><td class=\"column-2\">9 szt.<\/td><td class=\"column-3\">21,00 z\u0142<\/td>\n<\/tr>\n<tr class=\"row-8 even\">\n\t<td class=\"column-1\">Pierogi ze szpinakiem, czosnkiem i dodatkiem sera<\/td><td class=\"column-2\">9 szt<\/td><td class=\"column-3\">21,00 z\u0142<\/td>\n<\/tr>\n<tr class=\"row-9 odd\">\n\t<td class=\"column-1\">Pierogi kresowe z w\u0105tr\u00f3bk\u0105 i kasz\u0105 gryczan\u0105<\/td><td class=\"column-2\">9 szt.<\/td><td class=\"column-3\">21,00 z\u0142<\/td>\n<\/tr>\n<tr class=\"row-10 even\">\n\t<td class=\"column-1\">Pierogi s\u0142owia\u0144skie z ziemniakami i kapust\u0105<\/td><td class=\"column-2\">9 szt.<\/td><td class=\"column-3\">21,00 z\u0142<\/td>\n<\/tr>\n<tr class=\"row-11 odd\">\n\t<td class=\"column-1\">Pierogi z broku\u0142ami i kukurydz\u0105<\/td><td class=\"column-2\">9 szt.<\/td><td class=\"column-3\">21,00 z\u0142<\/td>\n<\/tr>\n<tr class=\"row-12 even\">\n\t<td class=\"column-1\">Pierogi z fet\u0105, suszonymi pomidorami i oliwkami w cie\u015bcie szpinakowym<\/td><td class=\"column-2\">9 szt.<\/td><td class=\"column-3\">23,00 z\u0142<\/td>\n<\/tr>\n<tr class=\"row-13 odd\">\n\t<td class=\"column-1\">Pierogi z mi\u0119sem jelenia<\/td><td class=\"column-2\">9 szt.<\/td><td class=\"column-3\">25,00 z\u0142<\/td>\n<\/tr>\n<tr class=\"row-14 even\">\n\t<td class=\"column-1\">Pierogi (sma\u017cone) Meksyka\u0144skie<\/td><td class=\"column-2\">9 szt.<\/td><td class=\"column-3\">25,00 z\u0142<\/td>\n<\/tr>\n<tr class=\"row-15 odd\">\n\t<td class=\"column-1\">Pierogi (sma\u017cone) Azjatyckie<\/td><td class=\"column-2\">9 szt.<\/td><td class=\"column-3\">25,00 z\u0142<\/td>\n<\/tr>\n<tr class=\"row-16 even\">\n\t<td class=\"column-1\">Malinowa nuta (z malinami, s\u0142odkim twaro\u017ckiem i mi\u0119t\u0105)<\/td><td class=\"column-2\">9 szt.<\/td><td class=\"column-3\">21,00 z\u0142<\/td>\n<\/tr>\n<tr class=\"row-17 odd\">\n\t<td class=\"column-1\">Pierogi z serem<\/td><td class=\"column-2\">9 szt.<\/td><td class=\"column-3\">21,00 z\u0142<\/td>\n<\/tr>\n<tr class=\"row-18 even\">\n\t<td class=\"column-1\">Pierogi z truskawkami<\/td><td class=\"column-2\">9 szt.<\/td><td class=\"column-3\">21,00 z\u0142<\/td>\n<\/tr>\n<tr class=\"row-19 odd\">\n\t<td class=\"column-1\">Pierogi ze \u015bliwkami<\/td><td class=\"column-2\">9 szt.<\/td><td class=\"column-3\">21,00 z\u0142<\/td>\n<\/tr>\n<tr class=\"row-20 even\">\n\t<td class=\"column-1\">Pierogi z serem i bor\u00f3wkami<\/td><td class=\"column-2\">9 szt.<\/td><td class=\"column-3\">22,00 z\u0142<\/td>\n<\/tr>\n<tr class=\"row-21 odd\">\n\t<td class=\"column-1\">Pierogi z wi\u015bniami<\/td><td class=\"column-2\">9 szt.<\/td><td class=\"column-3\">21,00 z\u0142<\/td>\n<\/tr>\n<tr class=\"row-22 even\">\n\t<td class=\"column-1\">Pierogi z jab\u0142kami<\/td><td class=\"column-2\">9 szt.<\/td><td class=\"column-3\">21,00 z\u0142<\/td>\n<\/tr>\n<\/tbody>\n<\/table>\n<!-- #tablepress-1 from cache -->\n<h1>Mix pierogowy<\/h1>\n\n<table id=\"tablepress-2\" class=\"tablepress tablepress-id-2\">\n<tbody class=\"row-hover\">\n<tr class=\"row-1 odd\">\n\t<td class=\"column-1\">Mix tradycyjny (ruskie, z mi\u0119sem, z kapust\u0105 i grzybami)<\/td><td class=\"column-2\">9 szt.<\/td><td class=\"column-3\">25,00 z\u0142<\/td>\n<\/tr>\n<tr class=\"row-2 even\">\n\t<td class=\"column-1\">Mix fantazyjny (ruskie, z broku\u0142ami, Afrodyty)<\/td><td class=\"column-2\">9 szt.<\/td><td class=\"column-3\">25,00 z\u0142<\/td>\n<\/tr>\n<tr class=\"row-3 odd\">\n\t<td class=\"column-1\">Wegetaria\u0144ska pokusa (s\u0142owia\u0144skie, ruskie, ze szpinakiem)<\/td><td class=\"column-2\">9 szt.<\/td><td class=\"column-3\">25,00 z\u0142<\/td>\n<\/tr>\n<tr class=\"row-4 even\">\n\t<td class=\"column-1\">Mix owocowy (z wi\u015bniami, ze \u015bliwkami, z truskawkami)<\/td><td class=\"column-2\">9 szt.<\/td><td class=\"column-3\">25,00 z\u0142<\/td>\n<\/tr>\n<\/tbody>\n<\/table>\n<!-- #tablepress-2 from cache -->\n<h1>Zupy i dania g\u0142\u00f3wne<\/h1>\n\n<table id=\"tablepress-3\" class=\"tablepress tablepress-id-3\">\n<tbody class=\"row-hover\">\n<tr class=\"row-1 odd\">\n\t<td class=\"column-1\">Barszcz czerwony solo<\/td><td class=\"column-2\">350 ml<\/td><td class=\"column-3\">7,00 z\u0142<\/td>\n<\/tr>\n<tr class=\"row-2 even\">\n\t<td class=\"column-1\">Barszcz czerwony z uszkami<\/td><td class=\"column-2\"><\/td><td class=\"column-3\">15,00 z\u0142<\/td>\n<\/tr>\n<tr class=\"row-3 odd\">\n\t<td class=\"column-1\">\u017burek staropolski solo<\/td><td class=\"column-2\">350 ml<\/td><td class=\"column-3\">7,00 z\u0142<\/td>\n<\/tr>\n<tr class=\"row-4 even\">\n\t<td class=\"column-1\">\u017burek z jajkiem i kie\u0142bas\u0105<\/td><td class=\"column-2\"><\/td><td class=\"column-3\">15,00 z\u0142<\/td>\n<\/tr>\n<tr class=\"row-5 odd\">\n\t<td class=\"column-1\">Frytki<\/td><td class=\"column-2\">300 g<\/td><td class=\"column-3\">7,00 z\u0142<\/td>\n<\/tr>\n<tr class=\"row-6 even\">\n\t<td class=\"column-1\">Frytki belgijskie<\/td><td class=\"column-2\">300 g<\/td><td class=\"column-3\">15,00 z\u0142<\/td>\n<\/tr>\n<tr class=\"row-7 odd\">\n\t<td class=\"column-1\">Zapiekanka z serem i pieczarkami<\/td><td class=\"column-2\"><\/td><td class=\"column-3\">16,00 z\u0142<\/td>\n<\/tr>\n<tr class=\"row-8 even\">\n\t<td class=\"column-1\">Stripsy z kurczaka<\/td><td class=\"column-2\">200 g<\/td><td class=\"column-3\">15,00 z\u0142<\/td>\n<\/tr>\n<\/tbody>\n<\/table>\n<!-- #tablepress-3 from cache -->\n<h1>Desery<\/h1>\n<!-- Tabela o ID 4 jest pusta! --><!-- #tablepress-4 from cache -->\n<h1>Napoje<\/h1>\n\n<table id=\"tablepress-5\" class=\"tablepress tablepress-id-5\">\n<tbody class=\"row-hover\">\n<tr class=\"row-1 odd\">\n\t<td class=\"column-1\">Espresso<\/td><td class=\"column-2\"><\/td><td class=\"column-3\">7,00 z\u0142<\/td><td class=\"column-4\"><\/td>\n<\/tr>\n<tr class=\"row-2 even\">\n\t<td class=\"column-1\">Doppio<\/td><td class=\"column-2\"><\/td><td class=\"column-3\">9,00 z\u0142<\/td><td class=\"column-4\"><\/td>\n<\/tr>\n<tr class=\"row-3 odd\">\n\t<td class=\"column-1\">Kawa czarna<\/td><td class=\"column-2\"><\/td><td class=\"column-3\">8,00 z\u0142<\/td><td class=\"column-4\"><\/td>\n<\/tr>\n<tr class=\"row-4 even\">\n\t<td class=\"column-1\">Kawa bia\u0142a<\/td><td class=\"column-2\"><\/td><td class=\"column-3\">8,00 z\u0142<\/td><td class=\"column-4\"><\/td>\n<\/tr>\n<tr class=\"row-5 odd\">\n\t<td class=\"column-1\">Cappuccino <\/td><td class=\"column-2\"><\/td><td class=\"column-3\">10,00 z\u0142<\/td><td class=\"column-4\"><\/td>\n<\/tr>\n<tr class=\"row-6 even\">\n\t<td class=\"column-1\">Latte<\/td><td class=\"column-2\"><\/td><td class=\"column-3\">10,00 z\u0142<\/td><td class=\"column-4\"><\/td>\n<\/tr>\n<tr class=\"row-7 odd\">\n\t<td class=\"column-1\">Herbata (czarna, zielona, owocowa)<\/td><td class=\"column-2\"><\/td><td class=\"column-3\">7,00 z\u0142<\/td><td class=\"column-4\"><\/td>\n<\/tr>\n<tr class=\"row-8 even\">\n\t<td class=\"column-1\">Woda mineralna<\/td><td class=\"column-2\"><\/td><td class=\"column-3\">5,00 z\u0142<\/td><td class=\"column-4\"><\/td>\n<\/tr>\n<tr class=\"row-9 odd\">\n\t<td class=\"column-1\">Pepsi, Mirinda, 7UP<\/td><td class=\"column-2\"><\/td><td class=\"column-3\">8,00 z\u0142<\/td><td class=\"column-4\"><\/td>\n<\/tr>\n<tr class=\"row-10 even\">\n\t<td class=\"column-1\">Lipton Ice Tea<\/td><td class=\"column-2\"><\/td><td class=\"column-3\">8,00 z\u0142<\/td><td class=\"column-4\"><\/td>\n<\/tr>\n<tr class=\"row-11 odd\">\n\t<td class=\"column-1\">Sok owocowy<\/td><td class=\"column-2\"><\/td><td class=\"column-3\">5,00 z\u0142<\/td><td class=\"column-4\"><\/td>\n<\/tr>\n<tr class=\"row-12 even\">\n\t<td class=\"column-1\">Lemoniada BeeLemon<\/td><td class=\"column-2\"><\/td><td class=\"column-3\">10,00 z\u0142<\/td><td class=\"column-4\"><\/td>\n<\/tr>\n<tr class=\"row-13 odd\">\n\t<td class=\"column-1\">Piwo bezalkoholowe<\/td><td class=\"column-2\"><\/td><td class=\"column-3\">9,00 z\u0142<\/td><td class=\"column-4\"><\/td>\n<\/tr>\n<tr class=\"row-14 even\">\n\t<td class=\"column-1\">Kompot owocowy<\/td><td class=\"column-2\"><\/td><td class=\"column-3\">7,00 z\u0142<\/td><td class=\"column-4\"><\/td>\n<\/tr>\n<\/tbody>\n<\/table>\n<!-- #tablepress-5 from cache -->\n","protected":false},"excerpt":{"rendered":"<p>Pierogi Mix pierogowy Zupy i dania g\u0142\u00f3wne Desery Napoje<\/p>\n","protected":false},"author":1,"featured_media":0,"parent":0,"menu_order":0,"comment_status":"closed","ping_status":"open","template":"","meta":[],"_links":{"self":[{"href":"https:\/\/przypiecek.pl\/index.php?rest_route=\/wp\/v2\/pages\/14"}],"collection":[{"href":"https:\/\/przypiecek.pl\/index.php?rest_route=\/wp\/v2\/pages"}],"about":[{"href":"https:\/\/przypiecek.pl\/index.php?rest_route=\/wp\/v2\/types\/page"}],"author":[{"embeddable":true,"href":"https:\/\/przypiecek.pl\/index.php?rest_route=\/wp\/v2\/users\/1"}],"replies":[{"embeddable":true,"href":"https:\/\/przypiecek.pl\/index.php?rest_route=%2Fwp%2Fv2%2Fcomments&post=14"}],"version-history":[{"count":11,"href":"https:\/\/przypiecek.pl\/index.php?rest_route=\/wp\/v2\/pages\/14\/revisions"}],"predecessor-version":[{"id":170,"href":"https:\/\/przypiecek.pl\/index.php?rest_route=\/wp\/v2\/pages\/14\/revisions\/170"}],"wp:attachment":[{"href":"https:\/\/przypiecek.pl\/index.php?rest_route=%2Fwp%2Fv2%2Fmedia&parent=14"}],"curies":[{"name":"wp","href":"https:\/\/api.w.org\/{rel}","templated":true}]}}