{"id":9,"date":"2015-04-23T14:25:48","date_gmt":"2015-04-23T12:25:48","guid":{"rendered":"http:\/\/zapiecek24.pl\/?page_id=9"},"modified":"2022-11-15T10:20:08","modified_gmt":"2022-11-15T09:20:08","slug":"strona-glowna","status":"publish","type":"page","link":"https:\/\/przypiecek.pl\/","title":{"rendered":"Strona g\u0142\u00f3wna"},"content":{"rendered":"<div class=\"kvgmc6g5 cxmmr5t8 oygrvhab hcukyx3x c1et5uql ii04i59q\" style=\"text-align: center;\">\n<div dir=\"auto\" style=\"text-align: center;\">\n<div dir=\"auto\"><\/div>\n<\/div>\n<\/div>\n<div dir=\"auto\" style=\"text-align: center;\"><img decoding=\"async\" loading=\"lazy\" class=\"alignnone size-full wp-image-192\" src=\"http:\/\/przypiecek.pl\/wp-content\/uploads\/2022\/11\/przypiecek.jpg\" alt=\"\" width=\"2126\" height=\"1662\" \/><\/div>\n<div dir=\"auto\" style=\"text-align: center;\"><\/div>\n<p style=\"text-align: center;\">\r\n                \r\n            <div id=\"wpgmza_map\" data-settings='{&quot;id&quot;:&quot;1&quot;,&quot;map_title&quot;:&quot;Przypiecek&quot;,&quot;map_width&quot;:&quot;100&quot;,&quot;map_height&quot;:&quot;400&quot;,&quot;map_start_lat&quot;:&quot;50.065225&quot;,&quot;map_start_lng&quot;:&quot;19.938378&quot;,&quot;map_start_location&quot;:&quot;50.06522500000001,19.938378000000057&quot;,&quot;map_start_zoom&quot;:&quot;19&quot;,&quot;default_marker&quot;:&quot;0&quot;,&quot;type&quot;:&quot;1&quot;,&quot;alignment&quot;:&quot;1&quot;,&quot;directions_enabled&quot;:&quot;1&quot;,&quot;styling_enabled&quot;:&quot;0&quot;,&quot;styling_json&quot;:&quot;&quot;,&quot;active&quot;:&quot;0&quot;,&quot;kml&quot;:&quot;&quot;,&quot;bicycle&quot;:&quot;2&quot;,&quot;traffic&quot;:&quot;2&quot;,&quot;dbox&quot;:&quot;1&quot;,&quot;dbox_width&quot;:&quot;100&quot;,&quot;listmarkers&quot;:&quot;0&quot;,&quot;listmarkers_advanced&quot;:&quot;0&quot;,&quot;filterbycat&quot;:&quot;0&quot;,&quot;ugm_enabled&quot;:&quot;0&quot;,&quot;ugm_category_enabled&quot;:&quot;0&quot;,&quot;fusion&quot;:&quot;&quot;,&quot;map_width_type&quot;:&quot;%&quot;,&quot;map_height_type&quot;:&quot;px&quot;,&quot;mass_marker_support&quot;:&quot;1&quot;,&quot;ugm_access&quot;:&quot;0&quot;,&quot;order_markers_by&quot;:&quot;1&quot;,&quot;order_markers_choice&quot;:&quot;2&quot;,&quot;show_user_location&quot;:&quot;0&quot;,&quot;default_to&quot;:&quot;&quot;,&quot;other_settings&quot;:{&quot;store_locator_enabled&quot;:2,&quot;store_locator_distance&quot;:2,&quot;store_locator_bounce&quot;:1,&quot;store_locator_query_string&quot;:&quot;ZIP \\\/ Address:&quot;,&quot;wpgmza_store_locator_restrict&quot;:&quot;&quot;,&quot;map_max_zoom&quot;:&quot;1&quot;,&quot;transport_layer&quot;:2,&quot;wpgmza_theme_data&quot;:&quot;[{\\\\\\&quot;featureType\\\\\\&quot;:\\\\\\&quot;administrative\\\\\\&quot;,\\\\\\&quot;elementType\\\\\\&quot;:\\\\\\&quot;all\\\\\\&quot;,\\\\\\&quot;stylers\\\\\\&quot;:[{\\\\\\&quot;visibility\\\\\\&quot;:\\\\\\&quot;on\\\\\\&quot;},{\\\\\\&quot;lightness\\\\\\&quot;:33}]},{\\\\\\&quot;featureType\\\\\\&quot;:\\\\\\&quot;landscape\\\\\\&quot;,\\\\\\&quot;elementType\\\\\\&quot;:\\\\\\&quot;all\\\\\\&quot;,\\\\\\&quot;stylers\\\\\\&quot;:[{\\\\\\&quot;color\\\\\\&quot;:\\\\\\&quot;#f2e5d4\\\\\\&quot;}]},{\\\\\\&quot;featureType\\\\\\&quot;:\\\\\\&quot;poi.park\\\\\\&quot;,\\\\\\&quot;elementType\\\\\\&quot;:\\\\\\&quot;geometry\\\\\\&quot;,\\\\\\&quot;stylers\\\\\\&quot;:[{\\\\\\&quot;color\\\\\\&quot;:\\\\\\&quot;#c5dac6\\\\\\&quot;}]},{\\\\\\&quot;featureType\\\\\\&quot;:\\\\\\&quot;poi.park\\\\\\&quot;,\\\\\\&quot;elementType\\\\\\&quot;:\\\\\\&quot;labels\\\\\\&quot;,\\\\\\&quot;stylers\\\\\\&quot;:[{\\\\\\&quot;visibility\\\\\\&quot;:\\\\\\&quot;on\\\\\\&quot;},{\\\\\\&quot;lightness\\\\\\&quot;:20}]},{\\\\\\&quot;featureType\\\\\\&quot;:\\\\\\&quot;road\\\\\\&quot;,\\\\\\&quot;elementType\\\\\\&quot;:\\\\\\&quot;all\\\\\\&quot;,\\\\\\&quot;stylers\\\\\\&quot;:[{\\\\\\&quot;lightness\\\\\\&quot;:20}]},{\\\\\\&quot;featureType\\\\\\&quot;:\\\\\\&quot;road.highway\\\\\\&quot;,\\\\\\&quot;elementType\\\\\\&quot;:\\\\\\&quot;geometry\\\\\\&quot;,\\\\\\&quot;stylers\\\\\\&quot;:[{\\\\\\&quot;color\\\\\\&quot;:\\\\\\&quot;#c5c6c6\\\\\\&quot;}]},{\\\\\\&quot;featureType\\\\\\&quot;:\\\\\\&quot;road.arterial\\\\\\&quot;,\\\\\\&quot;elementType\\\\\\&quot;:\\\\\\&quot;geometry\\\\\\&quot;,\\\\\\&quot;stylers\\\\\\&quot;:[{\\\\\\&quot;color\\\\\\&quot;:\\\\\\&quot;#e4d7c6\\\\\\&quot;}]},{\\\\\\&quot;featureType\\\\\\&quot;:\\\\\\&quot;road.local\\\\\\&quot;,\\\\\\&quot;elementType\\\\\\&quot;:\\\\\\&quot;geometry\\\\\\&quot;,\\\\\\&quot;stylers\\\\\\&quot;:[{\\\\\\&quot;color\\\\\\&quot;:\\\\\\&quot;#fbfaf7\\\\\\&quot;}]},{\\\\\\&quot;featureType\\\\\\&quot;:\\\\\\&quot;water\\\\\\&quot;,\\\\\\&quot;elementType\\\\\\&quot;:\\\\\\&quot;all\\\\\\&quot;,\\\\\\&quot;stylers\\\\\\&quot;:[{\\\\\\&quot;visibility\\\\\\&quot;:\\\\\\&quot;on\\\\\\&quot;},{\\\\\\&quot;color\\\\\\&quot;:\\\\\\&quot;#acbcc9\\\\\\&quot;}]}]&quot;,&quot;wpgmza_theme_selection&quot;:4}}' style=\"display:block; overflow:auto; width:100%; height:400px; float:left;\">\r\n            \r\n            <\/div>\r\n        <\/p>\n<p style=\"text-align: center;\"><strong>Znajdziesz nas pod adresem ul. S\u0142awkowska 32, tu\u017c obok krakowskich Plant.<\/strong><\/p>\n<p style=\"text-align: center;\">Zapraszamy do zapoznania si\u0119 z naszym <strong><a title=\"Menu\" href=\"http:\/\/przypiecek.pl\/?page_id=14\">Menu<\/a><\/strong>.<\/p>\n","protected":false},"excerpt":{"rendered":"<p>Znajdziesz nas pod adresem ul. S\u0142awkowska 32, tu\u017c obok krakowskich Plant. Zapraszamy do zapoznania si\u0119 z naszym Menu.<\/p>\n","protected":false},"author":1,"featured_media":0,"parent":0,"menu_order":0,"comment_status":"closed","ping_status":"open","template":"","meta":[],"_links":{"self":[{"href":"https:\/\/przypiecek.pl\/index.php?rest_route=\/wp\/v2\/pages\/9"}],"collection":[{"href":"https:\/\/przypiecek.pl\/index.php?rest_route=\/wp\/v2\/pages"}],"about":[{"href":"https:\/\/przypiecek.pl\/index.php?rest_route=\/wp\/v2\/types\/page"}],"author":[{"embeddable":true,"href":"https:\/\/przypiecek.pl\/index.php?rest_route=\/wp\/v2\/users\/1"}],"replies":[{"embeddable":true,"href":"https:\/\/przypiecek.pl\/index.php?rest_route=%2Fwp%2Fv2%2Fcomments&post=9"}],"version-history":[{"count":36,"href":"https:\/\/przypiecek.pl\/index.php?rest_route=\/wp\/v2\/pages\/9\/revisions"}],"predecessor-version":[{"id":198,"href":"https:\/\/przypiecek.pl\/index.php?rest_route=\/wp\/v2\/pages\/9\/revisions\/198"}],"wp:attachment":[{"href":"https:\/\/przypiecek.pl\/index.php?rest_route=%2Fwp%2Fv2%2Fmedia&parent=9"}],"curies":[{"name":"wp","href":"https:\/\/api.w.org\/{rel}","templated":true}]}}